{"id":76,"date":"2018-05-17T09:48:11","date_gmt":"2018-05-17T07:48:11","guid":{"rendered":"http:\/\/mounaquesetcompagnie.fr\/?page_id=76"},"modified":"2020-03-03T21:18:28","modified_gmt":"2020-03-03T20:18:28","slug":"les-createurs","status":"publish","type":"page","link":"https:\/\/mounaquesetcompagnie.fr\/index.php\/les-createurs\/","title":{"rendered":"Les cr\u00e9ateurs"},"content":{"rendered":"<p style=\"text-align: center;\"><span style=\"font-family: helvetica, arial, sans-serif; font-size: 12pt;\">Depuis quelques ann\u00e9es d\u00e9j\u00e0, notre association veut promouvoir de nouveaux savoir faire, mettre en avant des artisans locaux g\u00e9n\u00e9reux et pr\u00e9cis dans leur d\u00e9marche de cr\u00e9ateur.<\/span><\/p>\n<p>&nbsp;<\/p>\n<p style=\"text-align: center;\"><span style=\"font-family: helvetica, arial, sans-serif; font-size: 12pt;\"><strong>Venez \u00e0 la rencontre des artisans de la vall\u00e9e de l&rsquo;Adour !<\/strong><\/span><\/p>\n<p>&nbsp;<\/p>\n<p><span style=\"font-family: helvetica, arial, sans-serif; font-size: 12pt;\">Ces cr\u00e9ateurs offrent une vraie diversit\u00e9 au sein du lieu d&rsquo;exposition.\u00a0<\/span><span style=\"font-family: helvetica, arial, sans-serif; font-size: 12pt;\">L\u2019accueil, le soin de la pr\u00e9sentation, l\u2019int\u00e9r\u00eat des \u0153uvres pr\u00e9sent\u00e9es, s\u00e9duisent et enthousiasment les visiteurs amoureux des Pyr\u00e9n\u00e9es.<span style=\"font-family: helvetica, arial, sans-serif;\">Tous r\u00e9pondent \u00e0 une d\u00e9marche \u00e9thique importante \u00e0 notre association ; travailler avec des mati\u00e8res premi\u00e8res respectueuses de l&rsquo;environnement, pour un prix juste pour le cr\u00e9ateur comme pour l&rsquo;acheteur.<\/span><\/span><\/p>\n<p>&nbsp;<\/p>\n<p><!--more--><\/p>\n<p>Cliquez sur les images pour en d\u00e9couvrir davantage<\/p>\n<p><img loading=\"lazy\" class=\"alignnone size-medium wp-image-317\" src=\"http:\/\/mounaquesetcompagnie.fr\/wp-content\/uploads\/2018\/06\/createur-clementine-aime-sintes-300x300.jpg\" alt=\"\" width=\"300\" height=\"300\" srcset=\"https:\/\/mounaquesetcompagnie.fr\/wp-content\/uploads\/2018\/06\/createur-clementine-aime-sintes-300x300.jpg 300w, https:\/\/mounaquesetcompagnie.fr\/wp-content\/uploads\/2018\/06\/createur-clementine-aime-sintes-150x150.jpg 150w, https:\/\/mounaquesetcompagnie.fr\/wp-content\/uploads\/2018\/06\/createur-clementine-aime-sintes-768x768.jpg 768w, https:\/\/mounaquesetcompagnie.fr\/wp-content\/uploads\/2018\/06\/createur-clementine-aime-sintes-1024x1024.jpg 1024w, https:\/\/mounaquesetcompagnie.fr\/wp-content\/uploads\/2018\/06\/createur-clementine-aime-sintes-100x100.jpg 100w, https:\/\/mounaquesetcompagnie.fr\/wp-content\/uploads\/2018\/06\/createur-clementine-aime-sintes.jpg 1972w\" sizes=\"(max-width: 300px) 100vw, 300px\" \/> <a href=\"http:\/\/www.facebook.com\/wildillustration\/\"><img loading=\"lazy\" class=\"alignnone wp-image-394 size-medium\" src=\"http:\/\/mounaquesetcompagnie.fr\/wp-content\/uploads\/2020\/03\/createur-seb-cazes-300x300.jpg\" alt=\"\" width=\"300\" height=\"300\" srcset=\"https:\/\/mounaquesetcompagnie.fr\/wp-content\/uploads\/2020\/03\/createur-seb-cazes-300x300.jpg 300w, https:\/\/mounaquesetcompagnie.fr\/wp-content\/uploads\/2020\/03\/createur-seb-cazes-150x150.jpg 150w, https:\/\/mounaquesetcompagnie.fr\/wp-content\/uploads\/2020\/03\/createur-seb-cazes-768x768.jpg 768w, https:\/\/mounaquesetcompagnie.fr\/wp-content\/uploads\/2020\/03\/createur-seb-cazes-1024x1024.jpg 1024w, https:\/\/mounaquesetcompagnie.fr\/wp-content\/uploads\/2020\/03\/createur-seb-cazes-100x100.jpg 100w, https:\/\/mounaquesetcompagnie.fr\/wp-content\/uploads\/2020\/03\/createur-seb-cazes.jpg 1972w\" sizes=\"(max-width: 300px) 100vw, 300px\" \/><\/a> <img loading=\"lazy\" class=\"alignnone size-medium wp-image-393\" src=\"http:\/\/mounaquesetcompagnie.fr\/wp-content\/uploads\/2020\/03\/createur-pierrec-300x300.jpg\" alt=\"\" width=\"300\" height=\"300\" srcset=\"https:\/\/mounaquesetcompagnie.fr\/wp-content\/uploads\/2020\/03\/createur-pierrec-300x300.jpg 300w, https:\/\/mounaquesetcompagnie.fr\/wp-content\/uploads\/2020\/03\/createur-pierrec-150x150.jpg 150w, https:\/\/mounaquesetcompagnie.fr\/wp-content\/uploads\/2020\/03\/createur-pierrec-768x768.jpg 768w, https:\/\/mounaquesetcompagnie.fr\/wp-content\/uploads\/2020\/03\/createur-pierrec-1024x1024.jpg 1024w, https:\/\/mounaquesetcompagnie.fr\/wp-content\/uploads\/2020\/03\/createur-pierrec-100x100.jpg 100w, https:\/\/mounaquesetcompagnie.fr\/wp-content\/uploads\/2020\/03\/createur-pierrec.jpg 1972w\" sizes=\"(max-width: 300px) 100vw, 300px\" \/> <a href=\"http:\/\/www.facebook.com\/monsieurboutdebois65\/\"><img loading=\"lazy\" class=\"alignnone wp-image-392 size-medium\" src=\"http:\/\/mounaquesetcompagnie.fr\/wp-content\/uploads\/2020\/03\/createur-mr-boutdebois-300x300.jpg\" alt=\"\" width=\"300\" height=\"300\" srcset=\"https:\/\/mounaquesetcompagnie.fr\/wp-content\/uploads\/2020\/03\/createur-mr-boutdebois-300x300.jpg 300w, https:\/\/mounaquesetcompagnie.fr\/wp-content\/uploads\/2020\/03\/createur-mr-boutdebois-150x150.jpg 150w, https:\/\/mounaquesetcompagnie.fr\/wp-content\/uploads\/2020\/03\/createur-mr-boutdebois-768x768.jpg 768w, https:\/\/mounaquesetcompagnie.fr\/wp-content\/uploads\/2020\/03\/createur-mr-boutdebois-1024x1024.jpg 1024w, https:\/\/mounaquesetcompagnie.fr\/wp-content\/uploads\/2020\/03\/createur-mr-boutdebois-100x100.jpg 100w, https:\/\/mounaquesetcompagnie.fr\/wp-content\/uploads\/2020\/03\/createur-mr-boutdebois.jpg 1972w\" sizes=\"(max-width: 300px) 100vw, 300px\" \/><\/a><a href=\"http:\/\/www.facebook.com\/meee.goof\/\"><img loading=\"lazy\" class=\"alignnone wp-image-320 size-medium\" src=\"http:\/\/mounaquesetcompagnie.fr\/wp-content\/uploads\/2018\/06\/createur-goof-300x300.jpg\" alt=\"Bande dessin\u00e9e\" width=\"300\" height=\"300\" srcset=\"https:\/\/mounaquesetcompagnie.fr\/wp-content\/uploads\/2018\/06\/createur-goof-300x300.jpg 300w, https:\/\/mounaquesetcompagnie.fr\/wp-content\/uploads\/2018\/06\/createur-goof-150x150.jpg 150w, https:\/\/mounaquesetcompagnie.fr\/wp-content\/uploads\/2018\/06\/createur-goof-768x768.jpg 768w, https:\/\/mounaquesetcompagnie.fr\/wp-content\/uploads\/2018\/06\/createur-goof-1024x1024.jpg 1024w, https:\/\/mounaquesetcompagnie.fr\/wp-content\/uploads\/2018\/06\/createur-goof-100x100.jpg 100w, https:\/\/mounaquesetcompagnie.fr\/wp-content\/uploads\/2018\/06\/createur-goof.jpg 1972w\" sizes=\"(max-width: 300px) 100vw, 300px\" \/><\/a> <a href=\"http:\/\/www.bienvenue-a-la-ferme.com\/occitanie\/hautes-pyrenees\/montgaillard\/ferme\/l-etoile-d-argent\/550782\"><img loading=\"lazy\" class=\"alignnone wp-image-391 size-medium\" src=\"http:\/\/mounaquesetcompagnie.fr\/wp-content\/uploads\/2020\/03\/createur-letolie-dargent-300x300.jpg\" alt=\"\" width=\"300\" height=\"300\" srcset=\"https:\/\/mounaquesetcompagnie.fr\/wp-content\/uploads\/2020\/03\/createur-letolie-dargent-300x300.jpg 300w, https:\/\/mounaquesetcompagnie.fr\/wp-content\/uploads\/2020\/03\/createur-letolie-dargent-150x150.jpg 150w, https:\/\/mounaquesetcompagnie.fr\/wp-content\/uploads\/2020\/03\/createur-letolie-dargent-768x768.jpg 768w, https:\/\/mounaquesetcompagnie.fr\/wp-content\/uploads\/2020\/03\/createur-letolie-dargent-1024x1024.jpg 1024w, https:\/\/mounaquesetcompagnie.fr\/wp-content\/uploads\/2020\/03\/createur-letolie-dargent-100x100.jpg 100w, https:\/\/mounaquesetcompagnie.fr\/wp-content\/uploads\/2020\/03\/createur-letolie-dargent.jpg 1972w\" sizes=\"(max-width: 300px) 100vw, 300px\" \/><\/a> <img loading=\"lazy\" class=\"alignnone size-medium wp-image-390\" src=\"http:\/\/mounaquesetcompagnie.fr\/wp-content\/uploads\/2020\/03\/createur-latelierdutourmalet-300x300.jpg\" alt=\"\" width=\"300\" height=\"300\" srcset=\"https:\/\/mounaquesetcompagnie.fr\/wp-content\/uploads\/2020\/03\/createur-latelierdutourmalet-300x300.jpg 300w, https:\/\/mounaquesetcompagnie.fr\/wp-content\/uploads\/2020\/03\/createur-latelierdutourmalet-150x150.jpg 150w, https:\/\/mounaquesetcompagnie.fr\/wp-content\/uploads\/2020\/03\/createur-latelierdutourmalet-768x768.jpg 768w, https:\/\/mounaquesetcompagnie.fr\/wp-content\/uploads\/2020\/03\/createur-latelierdutourmalet-1024x1024.jpg 1024w, https:\/\/mounaquesetcompagnie.fr\/wp-content\/uploads\/2020\/03\/createur-latelierdutourmalet-100x100.jpg 100w, https:\/\/mounaquesetcompagnie.fr\/wp-content\/uploads\/2020\/03\/createur-latelierdutourmalet.jpg 1972w\" sizes=\"(max-width: 300px) 100vw, 300px\" \/>\u00a0<a href=\"https:\/\/www.facebook.com\/glucosesweetdesign\/\" target=\"_blank\" rel=\"noopener\"><img loading=\"lazy\" class=\"alignnone size-medium wp-image-319\" src=\"http:\/\/mounaquesetcompagnie.fr\/wp-content\/uploads\/2018\/06\/createur-glucose-sweet-design-300x300.jpg\" alt=\"\" width=\"300\" height=\"300\" srcset=\"https:\/\/mounaquesetcompagnie.fr\/wp-content\/uploads\/2018\/06\/createur-glucose-sweet-design-300x300.jpg 300w, https:\/\/mounaquesetcompagnie.fr\/wp-content\/uploads\/2018\/06\/createur-glucose-sweet-design-150x150.jpg 150w, https:\/\/mounaquesetcompagnie.fr\/wp-content\/uploads\/2018\/06\/createur-glucose-sweet-design-768x768.jpg 768w, https:\/\/mounaquesetcompagnie.fr\/wp-content\/uploads\/2018\/06\/createur-glucose-sweet-design-1024x1024.jpg 1024w, https:\/\/mounaquesetcompagnie.fr\/wp-content\/uploads\/2018\/06\/createur-glucose-sweet-design-100x100.jpg 100w, https:\/\/mounaquesetcompagnie.fr\/wp-content\/uploads\/2018\/06\/createur-glucose-sweet-design.jpg 1972w\" sizes=\"(max-width: 300px) 100vw, 300px\" \/><\/a><\/p>\n<p><a href=\"http:\/\/www.mathildebascaules.com\/\"><img loading=\"lazy\" class=\"alignnone wp-image-343 size-medium\" src=\"http:\/\/mounaquesetcompagnie.fr\/wp-content\/uploads\/2018\/06\/createur-mathilde-bascaules-300x300.jpg\" alt=\"S\u00e9rigraphie et c\u00e9ramique\" width=\"300\" height=\"300\" srcset=\"https:\/\/mounaquesetcompagnie.fr\/wp-content\/uploads\/2018\/06\/createur-mathilde-bascaules-300x300.jpg 300w, https:\/\/mounaquesetcompagnie.fr\/wp-content\/uploads\/2018\/06\/createur-mathilde-bascaules-150x150.jpg 150w, https:\/\/mounaquesetcompagnie.fr\/wp-content\/uploads\/2018\/06\/createur-mathilde-bascaules-768x768.jpg 768w, https:\/\/mounaquesetcompagnie.fr\/wp-content\/uploads\/2018\/06\/createur-mathilde-bascaules-1024x1024.jpg 1024w, https:\/\/mounaquesetcompagnie.fr\/wp-content\/uploads\/2018\/06\/createur-mathilde-bascaules-100x100.jpg 100w, https:\/\/mounaquesetcompagnie.fr\/wp-content\/uploads\/2018\/06\/createur-mathilde-bascaules.jpg 1972w\" sizes=\"(max-width: 300px) 100vw, 300px\" \/><\/a><a href=\"http:\/\/www.pyrenees-creation.com\/\"><img loading=\"lazy\" class=\"alignnone wp-image-323 size-medium\" src=\"http:\/\/mounaquesetcompagnie.fr\/wp-content\/uploads\/2018\/06\/createur-pyrenees-creation-300x300.jpg\" alt=\"Pyr\u00e9n\u00e9es cr\u00e9ation-tapis-espadrille-chaussette-laine des pyr\u00e9n\u00e9es\" width=\"300\" height=\"300\" srcset=\"https:\/\/mounaquesetcompagnie.fr\/wp-content\/uploads\/2018\/06\/createur-pyrenees-creation-300x300.jpg 300w, https:\/\/mounaquesetcompagnie.fr\/wp-content\/uploads\/2018\/06\/createur-pyrenees-creation-150x150.jpg 150w, https:\/\/mounaquesetcompagnie.fr\/wp-content\/uploads\/2018\/06\/createur-pyrenees-creation-768x768.jpg 768w, https:\/\/mounaquesetcompagnie.fr\/wp-content\/uploads\/2018\/06\/createur-pyrenees-creation-1024x1024.jpg 1024w, https:\/\/mounaquesetcompagnie.fr\/wp-content\/uploads\/2018\/06\/createur-pyrenees-creation-100x100.jpg 100w, https:\/\/mounaquesetcompagnie.fr\/wp-content\/uploads\/2018\/06\/createur-pyrenees-creation.jpg 1972w\" sizes=\"(max-width: 300px) 100vw, 300px\" \/><\/a>\u00a0<img loading=\"lazy\" class=\"alignnone size-medium wp-image-337\" src=\"http:\/\/mounaquesetcompagnie.fr\/wp-content\/uploads\/2018\/06\/createur-danse-des-abeilles-300x300.jpg\" alt=\"\" width=\"300\" height=\"300\" srcset=\"https:\/\/mounaquesetcompagnie.fr\/wp-content\/uploads\/2018\/06\/createur-danse-des-abeilles-300x300.jpg 300w, https:\/\/mounaquesetcompagnie.fr\/wp-content\/uploads\/2018\/06\/createur-danse-des-abeilles-150x150.jpg 150w, https:\/\/mounaquesetcompagnie.fr\/wp-content\/uploads\/2018\/06\/createur-danse-des-abeilles-768x768.jpg 768w, https:\/\/mounaquesetcompagnie.fr\/wp-content\/uploads\/2018\/06\/createur-danse-des-abeilles-1024x1024.jpg 1024w, https:\/\/mounaquesetcompagnie.fr\/wp-content\/uploads\/2018\/06\/createur-danse-des-abeilles-100x100.jpg 100w, https:\/\/mounaquesetcompagnie.fr\/wp-content\/uploads\/2018\/06\/createur-danse-des-abeilles.jpg 1972w\" sizes=\"(max-width: 300px) 100vw, 300px\" \/> <img loading=\"lazy\" class=\"alignnone size-medium wp-image-316\" src=\"http:\/\/mounaquesetcompagnie.fr\/wp-content\/uploads\/2018\/06\/createur-aitor-300x300.jpg\" alt=\"\" width=\"300\" height=\"300\" srcset=\"https:\/\/mounaquesetcompagnie.fr\/wp-content\/uploads\/2018\/06\/createur-aitor-300x300.jpg 300w, https:\/\/mounaquesetcompagnie.fr\/wp-content\/uploads\/2018\/06\/createur-aitor-150x150.jpg 150w, https:\/\/mounaquesetcompagnie.fr\/wp-content\/uploads\/2018\/06\/createur-aitor-768x768.jpg 768w, https:\/\/mounaquesetcompagnie.fr\/wp-content\/uploads\/2018\/06\/createur-aitor-1024x1024.jpg 1024w, https:\/\/mounaquesetcompagnie.fr\/wp-content\/uploads\/2018\/06\/createur-aitor-100x100.jpg 100w, https:\/\/mounaquesetcompagnie.fr\/wp-content\/uploads\/2018\/06\/createur-aitor.jpg 1972w\" sizes=\"(max-width: 300px) 100vw, 300px\" \/><\/p>\n<p><a href=\"https:\/\/www.facebook.com\/millettecreas\/\"><img loading=\"lazy\" class=\"alignnone wp-image-338 size-medium\" src=\"http:\/\/mounaquesetcompagnie.fr\/wp-content\/uploads\/2018\/06\/createur-millette-300x300.jpg\" alt=\"Bavoir-doudou-attache sucette...\" width=\"300\" height=\"300\" srcset=\"https:\/\/mounaquesetcompagnie.fr\/wp-content\/uploads\/2018\/06\/createur-millette-300x300.jpg 300w, https:\/\/mounaquesetcompagnie.fr\/wp-content\/uploads\/2018\/06\/createur-millette-150x150.jpg 150w, https:\/\/mounaquesetcompagnie.fr\/wp-content\/uploads\/2018\/06\/createur-millette-768x768.jpg 768w, https:\/\/mounaquesetcompagnie.fr\/wp-content\/uploads\/2018\/06\/createur-millette-1024x1024.jpg 1024w, https:\/\/mounaquesetcompagnie.fr\/wp-content\/uploads\/2018\/06\/createur-millette-100x100.jpg 100w, https:\/\/mounaquesetcompagnie.fr\/wp-content\/uploads\/2018\/06\/createur-millette.jpg 1972w\" sizes=\"(max-width: 300px) 100vw, 300px\" \/><\/a><\/p>\n<p><span style=\"font-size: 0.9rem;\">\u00a0<\/span><span style=\"font-size: 0.9rem;\">\u00a0<\/span><img loading=\"lazy\" class=\"alignnone wp-image-314 size-medium\" style=\"font-size: 0.9rem;\" src=\"http:\/\/mounaquesetcompagnie.fr\/wp-content\/uploads\/2018\/06\/createurs-300x300.jpg\" alt=\"\" width=\"300\" height=\"300\" \/><\/p>\n<p>&nbsp;<\/p>\n","protected":false},"excerpt":{"rendered":"<p>Depuis quelques ann\u00e9es d\u00e9j\u00e0, notre association veut promouvoir de nouveaux savoir faire, mettre en avant des artisans locaux g\u00e9n\u00e9reux et pr\u00e9cis dans leur d\u00e9marche de cr\u00e9ateur. &nbsp; Venez \u00e0 la rencontre des artisans de la vall\u00e9e de l&rsquo;Adour ! &nbsp; Ces cr\u00e9ateurs offrent une vraie diversit\u00e9 au sein du lieu d&rsquo;exposition.\u00a0L\u2019accueil, le soin de la &hellip; <\/p>\n<p class=\"link-more\"><a href=\"https:\/\/mounaquesetcompagnie.fr\/index.php\/les-createurs\/\" class=\"more-link\">Continuer la lecture<span class=\"screen-reader-text\"> de &laquo;&nbsp;Les cr\u00e9ateurs&nbsp;&raquo;<\/span><\/a><\/p>\n","protected":false},"author":1,"featured_media":247,"parent":0,"menu_order":0,"comment_status":"closed","ping_status":"closed","template":"","meta":[],"_links":{"self":[{"href":"https:\/\/mounaquesetcompagnie.fr\/index.php\/wp-json\/wp\/v2\/pages\/76"}],"collection":[{"href":"https:\/\/mounaquesetcompagnie.fr\/index.php\/wp-json\/wp\/v2\/pages"}],"about":[{"href":"https:\/\/mounaquesetcompagnie.fr\/index.php\/wp-json\/wp\/v2\/types\/page"}],"author":[{"embeddable":true,"href":"https:\/\/mounaquesetcompagnie.fr\/index.php\/wp-json\/wp\/v2\/users\/1"}],"replies":[{"embeddable":true,"href":"https:\/\/mounaquesetcompagnie.fr\/index.php\/wp-json\/wp\/v2\/comments?post=76"}],"version-history":[{"count":36,"href":"https:\/\/mounaquesetcompagnie.fr\/index.php\/wp-json\/wp\/v2\/pages\/76\/revisions"}],"predecessor-version":[{"id":406,"href":"https:\/\/mounaquesetcompagnie.fr\/index.php\/wp-json\/wp\/v2\/pages\/76\/revisions\/406"}],"wp:featuredmedia":[{"embeddable":true,"href":"https:\/\/mounaquesetcompagnie.fr\/index.php\/wp-json\/wp\/v2\/media\/247"}],"wp:attachment":[{"href":"https:\/\/mounaquesetcompagnie.fr\/index.php\/wp-json\/wp\/v2\/media?parent=76"}],"curies":[{"name":"wp","href":"https:\/\/api.w.org\/{rel}","templated":true}]}}