{"id":74,"date":"2018-05-17T09:47:05","date_gmt":"2018-05-17T07:47:05","guid":{"rendered":"http:\/\/mounaquesetcompagnie.fr\/?page_id=74"},"modified":"2020-06-10T10:05:40","modified_gmt":"2020-06-10T08:05:40","slug":"nos-modeles","status":"publish","type":"page","link":"https:\/\/mounaquesetcompagnie.fr\/index.php\/nos-modeles\/","title":{"rendered":"Nos mod\u00e8les"},"content":{"rendered":"<p><a href=\"http:\/\/mounaquesetcompagnie.fr\/index.php\/nos-modeles\/grands-modeles\/\"><img loading=\"lazy\" class=\"alignnone wp-image-89 size-medium\" src=\"http:\/\/mounaquesetcompagnie.fr\/wp-content\/uploads\/2018\/05\/grandes-mounaques-contour-212x300.jpg\" alt=\"\" width=\"212\" height=\"300\" srcset=\"https:\/\/mounaquesetcompagnie.fr\/wp-content\/uploads\/2018\/05\/grandes-mounaques-contour-212x300.jpg 212w, https:\/\/mounaquesetcompagnie.fr\/wp-content\/uploads\/2018\/05\/grandes-mounaques-contour-768x1086.jpg 768w, https:\/\/mounaquesetcompagnie.fr\/wp-content\/uploads\/2018\/05\/grandes-mounaques-contour-724x1024.jpg 724w\" sizes=\"(max-width: 212px) 100vw, 212px\" \/><\/a><a href=\"http:\/\/mounaquesetcompagnie.fr\/index.php\/nos-modeles\/petits-modeles\/\"><img loading=\"lazy\" class=\"size-medium wp-image-92 alignright\" src=\"http:\/\/mounaquesetcompagnie.fr\/wp-content\/uploads\/2018\/05\/petites-mounaques-212x300.jpg\" alt=\"\" width=\"212\" height=\"300\" srcset=\"https:\/\/mounaquesetcompagnie.fr\/wp-content\/uploads\/2018\/05\/petites-mounaques-212x300.jpg 212w, https:\/\/mounaquesetcompagnie.fr\/wp-content\/uploads\/2018\/05\/petites-mounaques-768x1086.jpg 768w, https:\/\/mounaquesetcompagnie.fr\/wp-content\/uploads\/2018\/05\/petites-mounaques-724x1024.jpg 724w\" sizes=\"(max-width: 212px) 100vw, 212px\" \/><\/a><\/p>\n<p><a href=\"http:\/\/mounaquesetcompagnie.fr\/index.php\/nos-modeles\/kits-mounaques-2\/\"><img loading=\"lazy\" class=\"alignnone wp-image-90 size-medium\" src=\"http:\/\/mounaquesetcompagnie.fr\/wp-content\/uploads\/2018\/05\/kits-mounaques-212x300.jpg\" alt=\"\" width=\"212\" height=\"300\" srcset=\"https:\/\/mounaquesetcompagnie.fr\/wp-content\/uploads\/2018\/05\/kits-mounaques-212x300.jpg 212w, https:\/\/mounaquesetcompagnie.fr\/wp-content\/uploads\/2018\/05\/kits-mounaques-768x1086.jpg 768w, https:\/\/mounaquesetcompagnie.fr\/wp-content\/uploads\/2018\/05\/kits-mounaques-724x1024.jpg 724w\" sizes=\"(max-width: 212px) 100vw, 212px\" \/><\/a><a href=\"http:\/\/mounaquesetcompagnie.fr\/index.php\/nos-modeles\/mounaques-personalisees\/\"><img loading=\"lazy\" class=\"alignright wp-image-100 size-medium\" src=\"http:\/\/mounaquesetcompagnie.fr\/wp-content\/uploads\/2018\/05\/mounaques-personnalisees-212x300.jpg\" alt=\"\" width=\"212\" height=\"300\" srcset=\"https:\/\/mounaquesetcompagnie.fr\/wp-content\/uploads\/2018\/05\/mounaques-personnalisees-212x300.jpg 212w, https:\/\/mounaquesetcompagnie.fr\/wp-content\/uploads\/2018\/05\/mounaques-personnalisees-768x1086.jpg 768w, https:\/\/mounaquesetcompagnie.fr\/wp-content\/uploads\/2018\/05\/mounaques-personnalisees-724x1024.jpg 724w\" sizes=\"(max-width: 212px) 100vw, 212px\" \/><\/a><\/p>\n<p style=\"text-align: center;\"><span style=\"font-size: 14pt;\">Inspir\u00e9e des grandes Mounaques de Campan \u00e0 taille r\u00e9elle , nos poup\u00e9es de <\/span><span style=\"font-size: 14pt;\">25 et 40 cm sont \u00e9galement personnalisables, ou en kit pour les plus entreprenants.<\/span><\/p>\n","protected":false},"excerpt":{"rendered":"<p>Inspir\u00e9e des grandes Mounaques de Campan \u00e0 taille r\u00e9elle , nos poup\u00e9es de 25 et 40 cm sont \u00e9galement personnalisables, ou en kit pour les plus entreprenants.<\/p>\n","protected":false},"author":1,"featured_media":111,"parent":0,"menu_order":0,"comment_status":"closed","ping_status":"closed","template":"","meta":[],"_links":{"self":[{"href":"https:\/\/mounaquesetcompagnie.fr\/index.php\/wp-json\/wp\/v2\/pages\/74"}],"collection":[{"href":"https:\/\/mounaquesetcompagnie.fr\/index.php\/wp-json\/wp\/v2\/pages"}],"about":[{"href":"https:\/\/mounaquesetcompagnie.fr\/index.php\/wp-json\/wp\/v2\/types\/page"}],"author":[{"embeddable":true,"href":"https:\/\/mounaquesetcompagnie.fr\/index.php\/wp-json\/wp\/v2\/users\/1"}],"replies":[{"embeddable":true,"href":"https:\/\/mounaquesetcompagnie.fr\/index.php\/wp-json\/wp\/v2\/comments?post=74"}],"version-history":[{"count":26,"href":"https:\/\/mounaquesetcompagnie.fr\/index.php\/wp-json\/wp\/v2\/pages\/74\/revisions"}],"predecessor-version":[{"id":465,"href":"https:\/\/mounaquesetcompagnie.fr\/index.php\/wp-json\/wp\/v2\/pages\/74\/revisions\/465"}],"wp:featuredmedia":[{"embeddable":true,"href":"https:\/\/mounaquesetcompagnie.fr\/index.php\/wp-json\/wp\/v2\/media\/111"}],"wp:attachment":[{"href":"https:\/\/mounaquesetcompagnie.fr\/index.php\/wp-json\/wp\/v2\/media?parent=74"}],"curies":[{"name":"wp","href":"https:\/\/api.w.org\/{rel}","templated":true}]}}