{"id":163,"date":"2018-05-25T11:07:41","date_gmt":"2018-05-25T09:07:41","guid":{"rendered":"http:\/\/mounaquesetcompagnie.fr\/?page_id=163"},"modified":"2018-06-11T14:01:45","modified_gmt":"2018-06-11T12:01:45","slug":"accueil","status":"publish","type":"page","link":"https:\/\/mounaquesetcompagnie.fr\/","title":{"rendered":"Pr\u00e9sentation"},"content":{"rendered":"<p><em><span style=\"font-family: helvetica, arial, sans-serif;\">Au c\u0153ur d&rsquo;un village plein de charme<\/span><\/em>, <span style=\"font-family: helvetica, arial, sans-serif;\">encore impr\u00e9gn\u00e9 de traditions, petits et grands pourront venir d\u00e9couvrir d&rsquo;authentiques poup\u00e9es artisanales, faites de tissus et peintes \u00e0 la main : de v\u00e9ritables pi\u00e8ces uniques r\u00e9alis\u00e9es dans notre atelier. Nos cr\u00e9ations enrichissent notre patrimoine culturel :<\/span><\/p>\n<p><span style=\"font-family: helvetica, arial, sans-serif;\"> elles \u00e9voquent la coutume des \u00ab\u00a0<em>mounaques de Campan<\/em>\u00ab\u00a0, personnages de taille humaine et du \u00ab\u00a0charivari\u00a0\u00bb.<\/span><\/p>\n<p>&nbsp;<\/p>\n<table class=\"aligncenter\" style=\"width: 100%; border-collapse: collapse;\" border=\"0\">\n<tbody>\n<tr>\n<td style=\"width: 52.0142%;\"><img loading=\"lazy\" class=\"alignnone size-medium wp-image-135 aligncenter\" src=\"http:\/\/mounaquesetcompagnie.fr\/wp-content\/uploads\/2018\/05\/nos-modele-0-300x180.jpg\" alt=\"\" width=\"300\" height=\"180\" srcset=\"https:\/\/mounaquesetcompagnie.fr\/wp-content\/uploads\/2018\/05\/nos-modele-0-300x180.jpg 300w, https:\/\/mounaquesetcompagnie.fr\/wp-content\/uploads\/2018\/05\/nos-modele-0-768x461.jpg 768w, https:\/\/mounaquesetcompagnie.fr\/wp-content\/uploads\/2018\/05\/nos-modele-0-1024x614.jpg 1024w, https:\/\/mounaquesetcompagnie.fr\/wp-content\/uploads\/2018\/05\/nos-modele-0.jpg 2000w\" sizes=\"(max-width: 300px) 100vw, 300px\" \/><\/td>\n<td style=\"width: 47.9858%; text-align: left;\">C\u2019est \u00e9galement un lieu o\u00f9 exposent de jeunes cr\u00e9ateurs haut pyr\u00e9n\u00e9ens, ce qui permet de conserver un lieu d&rsquo;exposition-vente, et \u00e9galement de soutenir et valoriser les productions locales et originales.<\/td>\n<\/tr>\n<\/tbody>\n<\/table>\n<p>&nbsp;<\/p>\n<p style=\"text-align: center;\"><span style=\"font-size: 12pt;\"><strong>Il y en a pour tous les go\u00fbts, pour tous les \u00e2ges et\u00a0 toutes les bourses !<\/strong><\/span><\/p>\n<p>&nbsp;<\/p>\n<p style=\"text-align: center;\"><span style=\"font-family: helvetica, arial, sans-serif; font-size: 14pt;\">La boutique est un lieu culturel associatif, dans lequel vous trouverez des pi\u00e8ces uniques et modernes, mais \u00e9galement des \u0153uvres qui perp\u00e9tuent un savoir faire local et patrimonial.<\/span><\/p>\n","protected":false},"excerpt":{"rendered":"<p>Au c\u0153ur d&rsquo;un village plein de charme, encore impr\u00e9gn\u00e9 de traditions, petits et grands pourront venir d\u00e9couvrir d&rsquo;authentiques poup\u00e9es artisanales, faites de tissus et peintes \u00e0 la main : de v\u00e9ritables pi\u00e8ces uniques r\u00e9alis\u00e9es dans notre atelier. Nos cr\u00e9ations enrichissent notre patrimoine culturel : elles \u00e9voquent la coutume des \u00ab\u00a0mounaques de Campan\u00ab\u00a0, personnages de taille &hellip; <\/p>\n<p class=\"link-more\"><a href=\"https:\/\/mounaquesetcompagnie.fr\/\" class=\"more-link\">Continuer la lecture<span class=\"screen-reader-text\"> de &laquo;&nbsp;Pr\u00e9sentation&nbsp;&raquo;<\/span><\/a><\/p>\n","protected":false},"author":1,"featured_media":0,"parent":0,"menu_order":0,"comment_status":"closed","ping_status":"closed","template":"","meta":[],"_links":{"self":[{"href":"https:\/\/mounaquesetcompagnie.fr\/index.php\/wp-json\/wp\/v2\/pages\/163"}],"collection":[{"href":"https:\/\/mounaquesetcompagnie.fr\/index.php\/wp-json\/wp\/v2\/pages"}],"about":[{"href":"https:\/\/mounaquesetcompagnie.fr\/index.php\/wp-json\/wp\/v2\/types\/page"}],"author":[{"embeddable":true,"href":"https:\/\/mounaquesetcompagnie.fr\/index.php\/wp-json\/wp\/v2\/users\/1"}],"replies":[{"embeddable":true,"href":"https:\/\/mounaquesetcompagnie.fr\/index.php\/wp-json\/wp\/v2\/comments?post=163"}],"version-history":[{"count":15,"href":"https:\/\/mounaquesetcompagnie.fr\/index.php\/wp-json\/wp\/v2\/pages\/163\/revisions"}],"predecessor-version":[{"id":360,"href":"https:\/\/mounaquesetcompagnie.fr\/index.php\/wp-json\/wp\/v2\/pages\/163\/revisions\/360"}],"wp:attachment":[{"href":"https:\/\/mounaquesetcompagnie.fr\/index.php\/wp-json\/wp\/v2\/media?parent=163"}],"curies":[{"name":"wp","href":"https:\/\/api.w.org\/{rel}","templated":true}]}}